{"id":695,"date":"2026-03-04T14:50:24","date_gmt":"2026-03-04T14:50:24","guid":{"rendered":"https:\/\/sohowellnessbg.com\/?post_type=product&#038;p=695"},"modified":"2026-04-18T08:37:54","modified_gmt":"2026-04-18T08:37:54","slug":"soho-red-light-therapy-bed","status":"publish","type":"product","link":"https:\/\/sohowellnessbg.com\/en\/product\/soho-red-light-therapy-bed\/","title":{"rendered":"SoHo Red Light Therapy bed"},"content":{"rendered":"<p class=\"p1\"><strong><span class=\"s1\">SoHo Red Light Therapy Bed<\/span><\/strong><\/p>\n<p class=\"p1\"><span class=\"s2\">SoHo red light therapy bed pru\u017ea sna\u017enu full-body terapiju koriste\u0107i kombinaciju crvene i bliske infracrvene svetlosti, dizajniranu da podr\u017ei regeneraciju ko\u017ee, oporavak tela, performanse i op\u0161te blagostanje.<\/span><\/p>\n<p class=\"p1\"><span class=\"s2\">Sa visoko-gustim LED sistemom, ravnomernom pokriveno\u0161\u0107u gornjeg i donjeg dela tela i pa\u017eljivo odabranim spektrom talasnih du\u017eina, ure\u0111aj omogu\u0107ava efikasnu i naprednu svetlosnu terapiju za celo telo.<\/span><\/p>\n<p class=\"p1\"><span class=\"s1\">Talasne du\u017eine<\/span><\/p>\n<p class=\"p1\"><span class=\"s2\">SoHo red light therapy bed koristi kombinaciju crvene i bliske infracrvene svetlosti:<\/span><\/p>\n<p class=\"p1\"><span class=\"s2\">\u2022 <\/span><span class=\"s1\">633 nm<\/span><span class=\"s2\"> \u2013 podr\u017eava zdrav izgled ko\u017ee, regeneraciju i stimulaciju kolagena<\/span><\/p>\n<p class=\"p1\"><span class=\"s2\">\u2022 <\/span><span class=\"s1\">660 nm<\/span><span class=\"s2\"> \u2013 prodire dublje u dermis i podr\u017eava elasti\u010dnost i regeneraciju ko\u017ee<\/span><\/p>\n<p class=\"p1\"><span class=\"s2\">\u2022 <\/span><span class=\"s1\">850 nm<\/span><span class=\"s2\"> \u2013 podr\u017eava oporavak, cirkulaciju i smanjenje nelagodnosti<\/span><\/p>\n<p class=\"p1\"><span class=\"s2\">\u2022 <\/span><span class=\"s1\">940 nm (Plus model)<\/span><span class=\"s2\"> \u2013 dublja penetracija u tkivo, podr\u0161ka limfnom sistemu i dodatni wellness efekti<\/span><\/p>\n<p class=\"p1\"><span class=\"s2\">Ova kombinacija omogu\u0107ava istovremeno delovanje na povr\u0161inske i dublje slojeve tkiva.<\/span><\/p>\n<p class=\"p1\"><span class=\"s1\">Tehni\u010dke specifikacije<\/span><\/p>\n<p class=\"p1\"><span class=\"s1\">LED sistem:<\/span><span class=\"s2\"> visokogustinske LED trake sa gornjom i donjom pokriveno\u0161\u0107u celog tela<\/span><\/p>\n<p class=\"p1\"><span class=\"s1\">Ukupna snaga:<\/span><\/p>\n<p class=\"p1\"><span class=\"s2\">\u2022 Standard model: <\/span><span class=\"s1\">1161 W<\/span><\/p>\n<p class=\"p1\"><span class=\"s2\">\u2022 Plus model: <\/span><span class=\"s1\">2851 W<\/span><\/p>\n<p class=\"p1\"><span class=\"s1\">Trajanje tretmana:<\/span><span class=\"s2\"> podesivo <\/span><span class=\"s1\">1 \u2013 25 minuta<\/span><\/p>\n<p class=\"p1\"><span class=\"s1\">Radni napon:<\/span> <span class=\"s1\">110 V \/ 220 V<\/span><\/p>\n<p class=\"p1\"><span class=\"s1\">Sistem hla\u0111enja:<\/span><span class=\"s2\"> 4 ventilatora za stabilne performanse<\/span><\/p>\n<p class=\"p1\"><span class=\"s1\">Kontrolni panel:<\/span><span class=\"s2\"> LCD digitalni interfejs<\/span><\/p>\n<p class=\"p1\"><span class=\"s1\">Dizajn:<\/span><span class=\"s2\"> horizontalna full-body kapsula<\/span><\/p>\n<p class=\"p1\"><span class=\"s1\">Boje:<\/span><span class=\"s2\"> bela ili crna<\/span><\/p>\n<p class=\"p1\"><span class=\"s1\">Neto te\u017eina:<\/span> <span class=\"s1\">110 kg<\/span><\/p>\n<p class=\"p1\"><span class=\"s1\">Dimenzije (zatvoren ure\u0111aj):<\/span> <span class=\"s1\">1935 \u00d7 855 \u00d7 990 mm<\/span><\/p>\n<p class=\"p1\"><span class=\"s1\">Maksimalna visina (otvoren ure\u0111aj):<\/span> <span class=\"s1\">1390 mm<\/span><\/p>\n<p>Garancija:2 godine<\/p>","protected":false},"excerpt":{"rendered":"<p>SoHo Red Light Therapy Bed SoHo red light therapy bed pru\u017ea sna\u017enu full-body terapiju koriste\u0107i kombinaciju crvene i bliske infracrvene svetlosti, dizajniranu da podr\u017ei regeneraciju ko\u017ee, oporavak tela, performanse i op\u0161te blagostanje. Sa visoko-gustim LED sistemom, ravnomernom pokriveno\u0161\u0107u gornjeg i donjeg dela tela i pa\u017eljivo odabranim spektrom talasnih du\u017eina, ure\u0111aj omogu\u0107ava efikasnu i naprednu svetlosnu [&hellip;]<\/p>","protected":false},"featured_media":696,"comment_status":"open","ping_status":"closed","template":"","meta":[],"product_brand":[],"product_cat":[19],"product_tag":[],"class_list":{"0":"post-695","1":"product","2":"type-product","3":"status-publish","4":"has-post-thumbnail","6":"product_cat-uncategorized","8":"first","9":"instock","10":"shipping-taxable","11":"purchasable","12":"product-type-simple"},"_links":{"self":[{"href":"https:\/\/sohowellnessbg.com\/en\/wp-json\/wp\/v2\/product\/695","targetHints":{"allow":["GET"]}}],"collection":[{"href":"https:\/\/sohowellnessbg.com\/en\/wp-json\/wp\/v2\/product"}],"about":[{"href":"https:\/\/sohowellnessbg.com\/en\/wp-json\/wp\/v2\/types\/product"}],"replies":[{"embeddable":true,"href":"https:\/\/sohowellnessbg.com\/en\/wp-json\/wp\/v2\/comments?post=695"}],"wp:featuredmedia":[{"embeddable":true,"href":"https:\/\/sohowellnessbg.com\/en\/wp-json\/wp\/v2\/media\/696"}],"wp:attachment":[{"href":"https:\/\/sohowellnessbg.com\/en\/wp-json\/wp\/v2\/media?parent=695"}],"wp:term":[{"taxonomy":"product_brand","embeddable":true,"href":"https:\/\/sohowellnessbg.com\/en\/wp-json\/wp\/v2\/product_brand?post=695"},{"taxonomy":"product_cat","embeddable":true,"href":"https:\/\/sohowellnessbg.com\/en\/wp-json\/wp\/v2\/product_cat?post=695"},{"taxonomy":"product_tag","embeddable":true,"href":"https:\/\/sohowellnessbg.com\/en\/wp-json\/wp\/v2\/product_tag?post=695"}],"curies":[{"name":"wp","href":"https:\/\/api.w.org\/{rel}","templated":true}]}}