{"id":182,"date":"2025-11-06T18:13:27","date_gmt":"2025-11-06T18:13:27","guid":{"rendered":"https:\/\/sohowellnessbg.com\/?post_type=product&#038;p=182"},"modified":"2026-03-15T19:17:49","modified_gmt":"2026-03-15T19:17:49","slug":"red-light-panel","status":"publish","type":"product","link":"https:\/\/sohowellnessbg.com\/en\/product\/red-light-panel\/","title":{"rendered":"Soho Panel Signature"},"content":{"rendered":"<p><strong><span class=\"s1\">SOHO Signature Panel<\/span><\/strong><\/p>\n<p class=\"p1\"><span class=\"s2\">SOHO Signature Panel je sna\u017ean profesionalni ure\u0111aj za red i near infrared (NIR) svetlosnu terapiju, dizajniran za maksimalnu efikasnost, duboku penetraciju i visoku irradiance snagu.<\/span><\/p>\n<p class=\"p1\"><span class=\"s2\">Crvena i bliska infracrvena svetlost deluju na \u0107elijskom nivou \u2013 stimuli\u0161u mitohondrije, podsti\u010du proizvodnju ATP energije i aktiviraju prirodne procese regeneracije organizma.<\/span><\/p>\n<p class=\"p1\"><strong><span class=\"s1\">Benefiti red light terapije<\/span><\/strong><\/p>\n<p class=\"p3\"><span class=\"s2\"> \u2022 Podsti\u010de proizvodnju kolagena<\/span><\/p>\n<p class=\"p3\"><span class=\"s2\"> \u2022 Pobolj\u0161ava tonus i teksturu ko\u017ee<\/span><\/p>\n<p class=\"p3\"><span class=\"s2\"> \u2022 Smanjuje fine linije i bore<\/span><\/p>\n<p class=\"p3\"><span class=\"s2\"> \u2022 Ubrzava regeneraciju ko\u017ee<\/span><\/p>\n<p class=\"p3\"><span class=\"s2\"> \u2022 Poma\u017ee kod akni i upalnih procesa<\/span><\/p>\n<p class=\"p3\"><span class=\"s2\"> \u2022 Smanjuje bol i upale u mi\u0161i\u0107ima i zglobovima<\/span><\/p>\n<p class=\"p3\"><span class=\"s2\"> \u2022 Ubrzava oporavak nakon treninga<\/span><\/p>\n<p class=\"p3\"><span class=\"s2\"> \u2022 Pobolj\u0161ava cirkulaciju<\/span><\/p>\n<p class=\"p3\"><span class=\"s2\"> \u2022 Podr\u017eava op\u0161te \u0107elijsko zdravlje i energiju<\/span><\/p>\n<p class=\"p3\"><span class=\"s2\">Zahvaljuju\u0107i visokoj irradiance snazi, terapija je efikasna i daje br\u017ee rezultate. Irradiance (snaga zra\u010denja izra\u017eena u mW\/cm\u00b2) je jedan od najva\u017enijih faktora kod red light ure\u0111aja \u2013 \u0161to je ve\u0107a i stabilnija snaga, to je dublja penetracija i kra\u0107e vreme tretmana.<\/span><\/p>\n<p class=\"p3\"><span class=\"s2\">SOHO Signature Panel je dizajniran za maksimalnu efikasnost bez flicker efekta i bez \u0161tetne EMF emisije.<\/span><\/p>\n<p class=\"p1\"><span class=\"s1\">Tehni\u010dke specifikacije<\/span><\/p>\n<p class=\"p3\"><span class=\"s2\"> \u2022 Talasne du\u017eine:<\/span><\/p>\n<p class=\"p3\"><span class=\"s2\">Red Light: 630 nm \/ 660 nm<\/span><\/p>\n<p class=\"p3\"><span class=\"s2\">Near Infrared (NIR): 810 nm \/ 830 nm \/ 850 nm<\/span><\/p>\n<p class=\"p3\"><span class=\"s2\"> \u2022 Broj LED dioda: 60 kom<\/span><\/p>\n<p class=\"p3\"><span class=\"s2\"> \u2022 Ugao svetla: 30\u00b0<\/span><\/p>\n<p class=\"p3\"><span class=\"s2\"> \u2022 Irradiance: do 170 mW\/cm\u00b2<\/span><\/p>\n<p class=\"p3\"><span class=\"s2\"> \u2022 EMF emisija: 0 \u00b5T na udaljenosti od 7,62 cm<\/span><\/p>\n<p class=\"p3\"><span class=\"s2\"> \u2022 Flicker: Nema treperenja (No Flicker)<\/span><\/p>\n<p class=\"p3\"><span class=\"s2\"> \u2022 Ulazni napon: AC 110\u2013240V, 50\/60Hz<\/span><\/p>\n<p class=\"p3\"><span class=\"s2\"> \u2022 Dimenzije ure\u0111aja: 316 \u00d7 214 \u00d7 60 mm<\/span><\/p>\n<p class=\"p3\"><span class=\"s2\"> \u2022 Radni vek: do 100.000 sati<\/span><\/p>\n<p class=\"p1\"><span class=\"s2\">SOHO Signature Panel je idealan za ku\u0107nu i profesionalnu upotrebu u wellness i beauty centrima.<\/span><\/p>","protected":false},"excerpt":{"rendered":"<blockquote>\n<p style=\"text-align: left;\">Shipping is calculated separately and is not included in the listed price.<\/p>\n<\/blockquote>\n<p style=\"text-align: left;\"><!-- \/wp:paragraph --><\/p>\n<p style=\"text-align: left;\"><!-- wp:paragraph --><\/p>\n<p style=\"text-align: left;\">Note: Cash on delivery is not offered. Orders are shipped only upon advance payment.<\/p>\n<p style=\"text-align: left;\"><!-- \/wp:paragraph --><\/p>\n<p style=\"text-align: left;\"><!-- wp:paragraph --><\/p>\n<p style=\"text-align: left;\">All sales are final.<\/p>\n<p style=\"text-align: left;\"><!-- \/wp:paragraph --><\/p>\n<p style=\"text-align: left;\"><!-- wp:paragraph --><\/p>\n<p style=\"text-align: left;\">Product warranty for 2 years.<\/p>","protected":false},"featured_media":649,"comment_status":"open","ping_status":"closed","template":"","meta":[],"product_brand":[],"product_cat":[19],"product_tag":[],"class_list":{"0":"post-182","1":"product","2":"type-product","3":"status-publish","4":"has-post-thumbnail","6":"product_cat-uncategorized","8":"first","9":"instock","10":"sale","11":"shipping-taxable","12":"purchasable","13":"product-type-simple"},"_links":{"self":[{"href":"https:\/\/sohowellnessbg.com\/en\/wp-json\/wp\/v2\/product\/182","targetHints":{"allow":["GET"]}}],"collection":[{"href":"https:\/\/sohowellnessbg.com\/en\/wp-json\/wp\/v2\/product"}],"about":[{"href":"https:\/\/sohowellnessbg.com\/en\/wp-json\/wp\/v2\/types\/product"}],"replies":[{"embeddable":true,"href":"https:\/\/sohowellnessbg.com\/en\/wp-json\/wp\/v2\/comments?post=182"}],"wp:featuredmedia":[{"embeddable":true,"href":"https:\/\/sohowellnessbg.com\/en\/wp-json\/wp\/v2\/media\/649"}],"wp:attachment":[{"href":"https:\/\/sohowellnessbg.com\/en\/wp-json\/wp\/v2\/media?parent=182"}],"wp:term":[{"taxonomy":"product_brand","embeddable":true,"href":"https:\/\/sohowellnessbg.com\/en\/wp-json\/wp\/v2\/product_brand?post=182"},{"taxonomy":"product_cat","embeddable":true,"href":"https:\/\/sohowellnessbg.com\/en\/wp-json\/wp\/v2\/product_cat?post=182"},{"taxonomy":"product_tag","embeddable":true,"href":"https:\/\/sohowellnessbg.com\/en\/wp-json\/wp\/v2\/product_tag?post=182"}],"curies":[{"name":"wp","href":"https:\/\/api.w.org\/{rel}","templated":true}]}}