{"id":151,"date":"2024-11-25T13:07:45","date_gmt":"2024-11-25T13:07:45","guid":{"rendered":"https:\/\/sohowellnessbg.com\/?page_id=151"},"modified":"2026-03-26T14:04:52","modified_gmt":"2026-03-26T14:04:52","slug":"cenovnik","status":"publish","type":"page","link":"https:\/\/sohowellnessbg.com\/en\/cenovnik\/","title":{"rendered":"Treatments prices"},"content":{"rendered":"<div class=\"wp-block-columns are-vertically-aligned-center prices-part in is-layout-flex wp-container-core-columns-is-layout-9d6595d7 wp-block-columns-is-layout-flex\">\n<div class=\"wp-block-column is-vertically-aligned-center is-layout-flow wp-block-column-is-layout-flow\" style=\"flex-basis:66.66%\">\n<h1 class=\"wp-block-heading\">Infrared sauna<\/h1>\n\n\n\n<p class=\"has-text-align-left\">Cleanse toxins and rejuvenate your body in our state-of-the-art infrared sauna.<\/p>\n\n\n\n<p class=\"has-text-align-left\">Duration 20 min<\/p>\n<\/div>\n\n\n\n<div class=\"wp-block-column is-vertically-aligned-center is-layout-flow wp-block-column-is-layout-flow\" style=\"flex-basis:33.33%\">\n<h2 class=\"wp-block-heading has-text-align-center\">2500 RSD one session<\/h2>\n<\/div>\n<\/div>\n\n\n\n<div style=\"height:40px\" aria-hidden=\"true\" class=\"wp-block-spacer\"><\/div>\n\n\n\n<div class=\"wp-block-columns are-vertically-aligned-center prices-part in is-layout-flex wp-container-core-columns-is-layout-9d6595d7 wp-block-columns-is-layout-flex\">\n<div class=\"wp-block-column is-vertically-aligned-center is-layout-flow wp-block-column-is-layout-flow\" style=\"flex-basis:66.66%\">\n<h1 class=\"wp-block-heading\">Cold plunge \u2013 Ice bath<\/h1>\n\n\n\n<p class=\"has-text-align-left\">Research has shown that cold immersion at 14\u00b0C causes a 250% increase in dopamine levels that lasts for several hours.<\/p>\n<\/div>\n\n\n\n<div class=\"wp-block-column is-vertically-aligned-center is-layout-flow wp-block-column-is-layout-flow\" style=\"flex-basis:33.33%\">\n<h2 class=\"wp-block-heading has-text-align-center\">2500 RSD one session<\/h2>\n<\/div>\n<\/div>\n\n\n\n<div style=\"height:40px\" aria-hidden=\"true\" class=\"wp-block-spacer\"><\/div>\n\n\n\n<div class=\"wp-block-columns prices-part in is-layout-flex wp-container-core-columns-is-layout-9d6595d7 wp-block-columns-is-layout-flex\">\n<div class=\"wp-block-column is-vertically-aligned-top is-layout-flow wp-block-column-is-layout-flow\" style=\"flex-basis:66.66%\">\n<h1 class=\"wp-block-heading\">Contrast therapy<\/h1>\n\n\n\n<h3 class=\"wp-block-heading has-text-align-left\">Full-spectrum infrared sauna + cold tub<\/h3>\n\n\n\n<p class=\"has-text-align-left\">The infrared sauna penetrates the muscles and tissues promoting deep detoxification, while the cold bath revitalizes and energizes.<\/p>\n<\/div>\n\n\n\n<div class=\"wp-block-column is-vertically-aligned-center center-fix is-layout-flow wp-block-column-is-layout-flow\" style=\"flex-basis:33.33%\">\n<h2 class=\"wp-block-heading has-text-align-center\">Individual<\/h2>\n\n\n\n<p class=\"has-text-align-center\">1 session \u2013 4.800 RSD<br>4 sessions \u2013 18.000 RSD<br>8 sessions \u2013 34.000 RSD<\/p>\n\n\n\n<h2 class=\"wp-block-heading has-text-align-center\">Duo (45 min)<\/h2>\n\n\n\n<p class=\"has-text-align-center\">1 session \u2013 9.000 RSD<br>4 sessions \u2013 34.000 RSD<br>8 sessions \u2013 64.000 RSD<\/p>\n<\/div>\n<\/div>\n\n\n\n<div style=\"height:40px\" aria-hidden=\"true\" class=\"wp-block-spacer\"><\/div>\n\n\n\n<div class=\"wp-block-columns are-vertically-aligned-top prices-part in is-layout-flex wp-container-core-columns-is-layout-9d6595d7 wp-block-columns-is-layout-flex\">\n<div class=\"wp-block-column is-vertically-aligned-top is-layout-flow wp-block-column-is-layout-flow\" style=\"flex-basis:66.66%\">\n<h1 class=\"wp-block-heading\">Red Light Therapy<\/h1>\n\n\n\n<p class=\"has-text-align-left\">Red light therapy (RLT) is a treatment that uses low levels of red light to improve your skin's appearance, like reducing wrinkles, scars, redness and acne.<\/p>\n<\/div>\n\n\n\n<div class=\"wp-block-column is-vertically-aligned-top center-fix is-layout-flow wp-block-column-is-layout-flow\" style=\"flex-basis:33.33%\">\n<h2 class=\"wp-block-heading has-text-align-center center-fix\">1 session pack<\/h2>\n\n\n\n<p class=\"has-text-align-center\">15 min &#8211; 5.000 RSD<br>20 min &#8211; 6.500 RSD<br>25 min &#8211; 8.000 RSD<\/p>\n\n\n\n<h2 class=\"wp-block-heading has-text-align-center\">4 sessions pack<\/h2>\n\n\n\n<p class=\"has-text-align-center\">15 min &#8211; 18.000 RSD<br>20 min &#8211; 23.000 RSD<br>25 min &#8211; 28.000 RSD<\/p>\n\n\n\n<h2 class=\"wp-block-heading has-text-align-center\">8 sessions pack<\/h2>\n\n\n\n<p class=\"has-text-align-center\">15 min &#8211; 34.000 RSD<br>20 min &#8211; 44.000 RSD<br>25 min &#8211; 54.000 RSD<\/p>\n\n\n\n<h2 class=\"wp-block-heading has-text-align-center\">12 sessions pack<\/h2>\n\n\n\n<p class=\"has-text-align-center\">15 min &#8211; 48.000 RSD<br>20 min &#8211; 62.000 RSD<br>25 min &#8211; 76.000 RSD<\/p>\n<\/div>\n<\/div>\n\n\n\n<div style=\"height:40px\" aria-hidden=\"true\" class=\"wp-block-spacer\"><\/div>\n\n\n\n<div class=\"wp-block-columns is-layout-flex wp-container-core-columns-is-layout-9d6595d7 wp-block-columns-is-layout-flex\">\n<div class=\"wp-block-column prices-part in is-layout-flow wp-block-column-is-layout-flow\">\n<div class=\"wp-block-columns is-layout-flex wp-container-core-columns-is-layout-9d6595d7 wp-block-columns-is-layout-flex\">\n<div class=\"wp-block-column is-vertically-aligned-top is-layout-flow wp-block-column-is-layout-flow\" style=\"flex-basis:66.66%\">\n<h1 class=\"wp-block-heading\">ULTRA Pack<\/h1>\n\n\n\n<p>Sauna 20 min + Cold Plunge 10min + Red Light Therapy 15 min<\/p>\n\n\n\n<p>Duration 45 min<\/p>\n<\/div>\n\n\n\n<div class=\"wp-block-column center-fix is-layout-flow wp-block-column-is-layout-flow\" style=\"flex-basis:33.33%\">\n<h2 class=\"wp-block-heading has-text-align-center\">Individual<\/h2>\n\n\n\n<p class=\"has-text-align-center\">1 session \u2013 8.000 RSD<br>4 sessions \u2013 30.000 RSD<br>8 sessions \u2013 50.000 RSD<\/p>\n\n\n\n<h2 class=\"wp-block-heading has-text-align-center\">Duo<\/h2>\n\n\n\n<p class=\"has-text-align-center\">(60min)<br>1 session \u2013 15.000 RSD<br>4 sessions \u2013 56.000 RSD<br>8 sessions \u2013 85.000 RSD<\/p>\n<\/div>\n<\/div>\n\n\n\n<div style=\"height:80px\" aria-hidden=\"true\" class=\"wp-block-spacer\"><\/div>\n\n\n\n<div class=\"wp-block-columns is-layout-flex wp-container-core-columns-is-layout-9d6595d7 wp-block-columns-is-layout-flex\">\n<div class=\"wp-block-column is-layout-flow wp-block-column-is-layout-flow\" style=\"flex-basis:66.66%\">\n<h1 class=\"wp-block-heading\">ULTRA X Pack<\/h1>\n\n\n\n<p>Sauna 20 min + Cold Plunge 10 min + Red Light Therapy 20 min<\/p>\n\n\n\n<p>Duration 50 min<\/p>\n<\/div>\n\n\n\n<div class=\"wp-block-column center-fix is-layout-flow wp-block-column-is-layout-flow\" style=\"flex-basis:33.33%\">\n<h2 class=\"wp-block-heading has-text-align-center\">Individual<\/h2>\n\n\n\n<p class=\"has-text-align-center\">1 session \u2013 10.000 RSD<br>4 sessions \u2013 38.000 RSD<br>8 sessions \u2013 72.000 RSD<\/p>\n\n\n\n<h2 class=\"wp-block-heading has-text-align-center\">Duo<\/h2>\n\n\n\n<p class=\"has-text-align-center\">(70min)<br>1 session \u2013 18.000 RSD<br>4 sessions \u2013 65.000 RSD<br>8 sessions \u2013 100.000 RSD<\/p>\n<\/div>\n<\/div>\n<\/div>\n<\/div>\n\n\n\n<div style=\"height:40px\" aria-hidden=\"true\" class=\"wp-block-spacer\"><\/div>\n\n\n\n<div class=\"wp-block-columns are-vertically-aligned-center prices-part in is-layout-flex wp-container-core-columns-is-layout-9d6595d7 wp-block-columns-is-layout-flex\">\n<div class=\"wp-block-column is-vertically-aligned-center is-layout-flow wp-block-column-is-layout-flow\" style=\"flex-basis:66.66%\">\n<h1 class=\"wp-block-heading\">ULTRA 2<\/h1>\n\n\n\n<p class=\"has-text-align-left\">Infrared sauna blanket 30 min + Red Light Therapy bed 15 min + Cold plunge<\/p>\n<\/div>\n\n\n\n<div class=\"wp-block-column is-vertically-aligned-center center-fix is-layout-flow wp-block-column-is-layout-flow\" style=\"flex-basis:33.33%\">\n<p class=\"has-text-align-center\">1 session \u2013 9.000 RSD<br>4 sessions \u2013 33.000 RSD<br>8 sessions \u2013 64.000 RSD<\/p>\n<\/div>\n<\/div>\n\n\n\n<div style=\"height:40px\" aria-hidden=\"true\" class=\"wp-block-spacer\"><\/div>\n\n\n\n<div class=\"wp-block-columns is-layout-flex wp-container-core-columns-is-layout-9d6595d7 wp-block-columns-is-layout-flex\">\n<div class=\"wp-block-column prices-part in is-layout-flow wp-block-column-is-layout-flow\">\n<div class=\"wp-block-columns is-layout-flex wp-container-core-columns-is-layout-9d6595d7 wp-block-columns-is-layout-flex\">\n<div class=\"wp-block-column is-layout-flow wp-block-column-is-layout-flow\">\n<h1 class=\"wp-block-heading\">ULTRA 3<\/h1>\n<\/div>\n<\/div>\n\n\n\n<div class=\"wp-block-columns is-layout-flex wp-container-core-columns-is-layout-9d6595d7 wp-block-columns-is-layout-flex\">\n<div class=\"wp-block-column is-layout-flow wp-block-column-is-layout-flow\" style=\"flex-basis:66.66%\">\n<p>Infrared sauna blanket 30 min + Red Light Therapy 20 min + Cold plunge 10 min<\/p>\n\n\n\n<p>Duration 60 min<\/p>\n<\/div>\n\n\n\n<div class=\"wp-block-column is-layout-flow wp-block-column-is-layout-flow\" style=\"flex-basis:33.33%\">\n<p class=\"has-text-align-center\">1 session \u2013 11.000 RSD<br>4 sessions \u2013 42.000 RSD<br>8 sessions \u2013 78.000 RSD<\/p>\n<\/div>\n<\/div>\n\n\n\n<div style=\"height:40px\" aria-hidden=\"true\" class=\"wp-block-spacer\"><\/div>\n<\/div>\n<\/div>\n\n\n\n<div style=\"height:40px\" aria-hidden=\"true\" class=\"wp-block-spacer\"><\/div>\n\n\n\n<div class=\"wp-block-columns are-vertically-aligned-center prices-part in is-layout-flex wp-container-core-columns-is-layout-9d6595d7 wp-block-columns-is-layout-flex\">\n<div class=\"wp-block-column is-vertically-aligned-center is-layout-flow wp-block-column-is-layout-flow\" style=\"flex-basis:66.66%\">\n<h1 class=\"wp-block-heading\">Mega ULTRA VIP package<\/h1>\n\n\n\n<p class=\"has-text-align-left\">Unlimited use of all our therapies throughout the month.<\/p>\n<\/div>\n\n\n\n<div class=\"wp-block-column is-vertically-aligned-center center-fix is-layout-flow wp-block-column-is-layout-flow\" style=\"flex-basis:33.33%\">\n<p class=\"has-text-align-center\">120.000 RSD<\/p>\n\n\n\n<p class=\"has-text-align-center\">Duo Mega ULTRA VIP pack<br><strong>140,000 RSD<\/strong><\/p>\n<\/div>\n<\/div>\n\n\n\n<div style=\"height:40px\" aria-hidden=\"true\" class=\"wp-block-spacer\"><\/div>\n\n\n\n<div class=\"wp-block-columns prices-part in is-layout-flex wp-container-core-columns-is-layout-9d6595d7 wp-block-columns-is-layout-flex\">\n<div class=\"wp-block-column is-vertically-aligned-top is-layout-flow wp-block-column-is-layout-flow\" style=\"flex-basis:66.66%\">\n<h1 class=\"wp-block-heading\">Infrared Sauna Blanket<\/h1>\n\n\n\n<p class=\"has-text-align-left\">Reduces body weight, burning 600\/900 kcal per treatment. Helps reduce and remodel cellulite, eliminates waste materials and excess water from the body, strengthens the immune system\u2026<\/p>\n<\/div>\n\n\n\n<div class=\"wp-block-column is-vertically-aligned-center center-fix is-layout-flow wp-block-column-is-layout-flow\" style=\"flex-basis:33.33%\">\n<p class=\"has-text-align-center\">1 session \u2013 <strong>3.500 RSD<\/strong> (30 min) \/ 5.000 RSD (50 min)<br>4 sessions \u2013 12.000 RSD (30 min) \/ 17.000 RSD (50 min)<br>8 sessions \u2013 22.000 RSD (30 min) \/ 32.000 RSD (50 min)<\/p>\n<\/div>\n<\/div>\n\n\n\n<div style=\"height:40px\" aria-hidden=\"true\" class=\"wp-block-spacer\"><\/div>\n\n\n\n<div class=\"wp-block-columns are-vertically-aligned-center prices-part in is-layout-flex wp-container-core-columns-is-layout-9d6595d7 wp-block-columns-is-layout-flex\">\n<div class=\"wp-block-column is-vertically-aligned-center is-layout-flow wp-block-column-is-layout-flow\" style=\"flex-basis:66.66%\">\n<h1 class=\"wp-block-heading\">Infrared Sauna Blanket &amp; Red Light Therapy Bed<\/h1>\n\n\n\n<p class=\"has-text-align-left\">The combination of these treatments enables deep detoxification, accelerates recovery and promotes skin regeneration. Infrared sauna blanket improves circulation, relaxes muscles and promotes calorie burning (600-900 cal), while Red Light Therapy Bed stimulates collagen production, reduces inflammation and accelerates cell regeneration. Together they provide the ultimate treatment for body and mind.<\/p>\n\n\n\n<p>Duration 45 min<\/p>\n<\/div>\n\n\n\n<div class=\"wp-block-column is-vertically-aligned-center center-fix is-layout-flow wp-block-column-is-layout-flow\" style=\"flex-basis:33.33%\">\n<p class=\"has-text-align-center\">1 session \u2013 7.500 RSD<br>4 sessions \u2013 26.000 RSD<br>8 sessions \u2013 48.000 RSD<\/p>\n<\/div>\n<\/div>\n\n\n\n<div style=\"height:40px\" aria-hidden=\"true\" class=\"wp-block-spacer\"><\/div>\n\n\n\n<div class=\"wp-block-columns prices-part in is-layout-flex wp-container-core-columns-is-layout-9d6595d7 wp-block-columns-is-layout-flex\">\n<div class=\"wp-block-column is-vertically-aligned-center is-layout-flow wp-block-column-is-layout-flow\" style=\"flex-basis:66.66%\">\n<h1 class=\"wp-block-heading\">PEMF MAT<\/h1>\n\n\n\n<p class=\"has-text-align-left\">PEMF MAT combines electromagnetic fields, crystals, and negative ions for regeneration and recovery of the body. It is often used in physiotherapy, sports, and rehabilitation.<\/p>\n\n\n\n<p>Duration 30 min<\/p>\n<\/div>\n\n\n\n<div class=\"wp-block-column is-vertically-aligned-center center-fix is-layout-flow wp-block-column-is-layout-flow\" style=\"flex-basis:33.33%\">\n<p class=\"has-text-align-center\">1 session \u2013 3.500 RSD<br>4 sessions \u2013 12.000 RSD<br>8 sessions \u2013 22.000 RSD<\/p>\n\n\n\n<p>PEMF 20min +RLT 15 min &#8211; 7.500 <\/p>\n<\/div>\n<\/div>\n\n\n\n<div style=\"height:40px\" aria-hidden=\"true\" class=\"wp-block-spacer\"><\/div>\n\n\n\n<div class=\"wp-block-columns prices-part in is-layout-flex wp-container-core-columns-is-layout-9d6595d7 wp-block-columns-is-layout-flex\">\n<div class=\"wp-block-column is-vertically-aligned-center is-layout-flow wp-block-column-is-layout-flow\" style=\"flex-basis:66.66%\">\n<h1 class=\"wp-block-heading\">Ultra Premium Paket<\/h1>\n\n\n\n<p>Red Light Therapy (RLT) \u2013 20 min<br>PEMF Therapy \u2013 20 min<br>Infrared Sauna \u2013 20 min<br>Cold Plunge \u2013 10 min<\/p>\n\n\n\n<p>Duration 70 min<\/p>\n<\/div>\n\n\n\n<div class=\"wp-block-column is-vertically-aligned-center center-fix is-layout-flow wp-block-column-is-layout-flow\" style=\"flex-basis:33.33%\">\n<p class=\"has-text-align-center\">1 session \u2013 13.000 RSD<br>4 sessions \u2013 48.000 RSD<br>8 sessions \u2013 88.000 RSD<\/p>\n<\/div>\n<\/div>\n\n\n\n<div style=\"height:40px\" aria-hidden=\"true\" class=\"wp-block-spacer\"><\/div>\n\n\n\n<div class=\"wp-block-columns prices-part in is-layout-flex wp-container-core-columns-is-layout-9d6595d7 wp-block-columns-is-layout-flex\">\n<div class=\"wp-block-column is-vertically-aligned-center is-layout-flow wp-block-column-is-layout-flow\" style=\"flex-basis:66.66%\">\n<h1 class=\"wp-block-heading\">Ultra Balance Reset Paket<\/h1>\n\n\n\n<p>PEMF MAT \u2013 20 min<br>Infrared Sauna \u2013 20 min<br>Cold Plunge \u2013 10 min<\/p>\n\n\n\n<p>Duration 50 min<\/p>\n<\/div>\n\n\n\n<div class=\"wp-block-column is-vertically-aligned-center center-fix is-layout-flow wp-block-column-is-layout-flow\" style=\"flex-basis:33.33%\">\n<p class=\"has-text-align-center\">1 session \u2013 7.500 RSD<br>4 sessions \u2013 26.000 RSD<br>8 sessions \u2013 48.000 RSD<\/p>\n<\/div>\n<\/div>\n\n\n\n<div style=\"height:40px\" aria-hidden=\"true\" class=\"wp-block-spacer\"><\/div>","protected":false},"excerpt":{"rendered":"<p>Infracrvena sauna O\u010distite toksine i podmladite svoje telo u na\u0161oj najsavremenijoj infracrvenoj sauni. Trajanje 20 min 2500 RSD termin Cold plunge &#8211; Ledena Kada Istra\u017eivanja su pokazala da je hladno poniranje na 14\u00b0C uzrokovalo 250% pove\u0107anje nivoa dopamina koje traje nekoliko sati. 2500 RSD termin Kontrast terapija Infracrvena sauna punog spektra + hladna kada Infracrvena [&hellip;]<\/p>","protected":false},"author":1,"featured_media":0,"parent":0,"menu_order":0,"comment_status":"closed","ping_status":"closed","template":"","meta":{"footnotes":""},"class_list":["post-151","page","type-page","status-publish","hentry"],"_links":{"self":[{"href":"https:\/\/sohowellnessbg.com\/en\/wp-json\/wp\/v2\/pages\/151","targetHints":{"allow":["GET"]}}],"collection":[{"href":"https:\/\/sohowellnessbg.com\/en\/wp-json\/wp\/v2\/pages"}],"about":[{"href":"https:\/\/sohowellnessbg.com\/en\/wp-json\/wp\/v2\/types\/page"}],"author":[{"embeddable":true,"href":"https:\/\/sohowellnessbg.com\/en\/wp-json\/wp\/v2\/users\/1"}],"replies":[{"embeddable":true,"href":"https:\/\/sohowellnessbg.com\/en\/wp-json\/wp\/v2\/comments?post=151"}],"version-history":[{"count":141,"href":"https:\/\/sohowellnessbg.com\/en\/wp-json\/wp\/v2\/pages\/151\/revisions"}],"predecessor-version":[{"id":711,"href":"https:\/\/sohowellnessbg.com\/en\/wp-json\/wp\/v2\/pages\/151\/revisions\/711"}],"wp:attachment":[{"href":"https:\/\/sohowellnessbg.com\/en\/wp-json\/wp\/v2\/media?parent=151"}],"curies":[{"name":"wp","href":"https:\/\/api.w.org\/{rel}","templated":true}]}}