{"id":14,"date":"2024-11-20T15:19:44","date_gmt":"2024-11-20T15:19:44","guid":{"rendered":"https:\/\/sohowellnessbg.com\/?page_id=14"},"modified":"2024-12-02T08:02:26","modified_gmt":"2024-12-02T08:02:26","slug":"red-light-therapy","status":"publish","type":"page","link":"https:\/\/sohowellnessbg.com\/en\/red-light-therapy\/","title":{"rendered":"Red Light Therapy"},"content":{"rendered":"<div style=\"height:40px\" aria-hidden=\"true\" class=\"wp-block-spacer\"><\/div>\n\n\n\n<p>Red light therapy uses very low levels of heat and does not hurt or burn the skin. Unlike the lights used in tanning booths, it does not expose your skin to harmful UV rays.<\/p>\n\n\n\n<blockquote class=\"wp-block-quote is-layout-flow wp-block-quote-is-layout-flow\">\n<p>Red and near Infrared Light Therapy - Therapy with Red and Infrared light&nbsp;<\/p>\n\n\n\n<p>633\/660\/850\/940 nm wavelength&nbsp;<\/p>\n\n\n<div class=\"wp-block-image\">\n<figure class=\"aligncenter size-large\"><img decoding=\"async\" src=\"https:\/\/sohowellnessbg.com\/wp-content\/themes\/blank-theme\/images\/waves.svg\" alt=\"\"\/><\/figure>\n<\/div><\/blockquote>\n\n\n\n<div style=\"height:40px\" aria-hidden=\"true\" class=\"wp-block-spacer\"><\/div>\n\n\n\n<p>Red Light, in addition to fantastic results in rejuvenating and renewing the skin, stimulating collagen and elastin for firmer and smoother skin provides the following benefits:<\/p>\n\n\n\n<div style=\"height:100px\" aria-hidden=\"true\" class=\"wp-block-spacer\"><\/div>\n\n\n\n<div class=\"wp-block-columns is-layout-flex wp-container-core-columns-is-layout-9d6595d7 wp-block-columns-is-layout-flex\">\n<div class=\"wp-block-column is-layout-flow wp-block-column-is-layout-flow\">\n<figure class=\"wp-block-image size-full\"><img loading=\"lazy\" decoding=\"async\" width=\"600\" height=\"338\" src=\"https:\/\/sohowellnessbg.com\/wp-content\/uploads\/2024\/11\/rl0.png\" alt=\"\" class=\"wp-image-128\"\/><\/figure>\n\n\n\n<div style=\"height:20px\" aria-hidden=\"true\" class=\"wp-block-spacer\"><\/div>\n\n\n\n<div style=\"height:20px\" aria-hidden=\"true\" class=\"wp-block-spacer\"><\/div>\n\n\n\n<p class=\"has-text-align-left\">\u2013 Minimizing fine lines and wrinkles<br>- Activation of cells that create collagen and elastin&nbsp;<br>\u2013 Skin firming and toning&nbsp;<br>\u2013 Creates more moisture in the skin for a younger appearance<\/p>\n<\/div>\n\n\n\n<div class=\"wp-block-column is-layout-flow wp-block-column-is-layout-flow\">\n<figure class=\"wp-block-image size-full\"><img loading=\"lazy\" decoding=\"async\" width=\"600\" height=\"338\" src=\"https:\/\/sohowellnessbg.com\/wp-content\/uploads\/2024\/11\/sport.png\" alt=\"\" class=\"wp-image-92\"\/><\/figure>\n\n\n\n<div style=\"height:20px\" aria-hidden=\"true\" class=\"wp-block-spacer\"><\/div>\n\n\n\n<div style=\"height:20px\" aria-hidden=\"true\" class=\"wp-block-spacer\"><\/div>\n\n\n\n<p class=\"has-text-align-left\">\u2013 Increases circulation in the skin&nbsp;<br>\u2013 Increases oxygen&nbsp;<br>\u2013 It increases the production of mitochondria, the energy sources of cells&nbsp;<\/p>\n<\/div>\n\n\n\n<div class=\"wp-block-column is-layout-flow wp-block-column-is-layout-flow\">\n<figure class=\"wp-block-image size-full\"><img loading=\"lazy\" decoding=\"async\" width=\"600\" height=\"338\" src=\"https:\/\/sohowellnessbg.com\/wp-content\/uploads\/2024\/11\/rl3.png\" alt=\"\" class=\"wp-image-126\"\/><\/figure>\n\n\n\n<div style=\"height:20px\" aria-hidden=\"true\" class=\"wp-block-spacer\"><\/div>\n\n\n\n<div style=\"height:20px\" aria-hidden=\"true\" class=\"wp-block-spacer\"><\/div>\n\n\n\n<p class=\"has-text-align-left\">\u2013 Helps restore sun-damaged skin and age spots&nbsp;<br>\u2013 Helps with hair and nail growth\/strength<\/p>\n<\/div>\n<\/div>\n\n\n\n<div style=\"height:100px\" aria-hidden=\"true\" class=\"wp-block-spacer\"><\/div>\n\n\n\n<h1 class=\"wp-block-heading has-text-align-center\">Red Light Therapy Bed<\/h1>\n\n\n\n<p>A red light therapy bed looks like a tanning bed, but it has red LED lights instead of UV lights.<\/p>\n\n\n\n<p>Red light therapy was developed by NASA and includes low-wavelength red-type bulbs to accelerate the process of tissue recovery and other forms of skin rejuvenation through an all-natural process. The low-light red bulbs penetrate the skin tissue to a depth of about 8-10mm, making it useful for skin problems such as scars, cuts, and best of all anti-aging.<\/p>\n\n\n\n<div style=\"height:40px\" aria-hidden=\"true\" class=\"wp-block-spacer\"><\/div>\n\n\n\n<h2 class=\"wp-block-heading has-text-align-center\">Is red light therapy safe?<\/h2>\n\n\n\n<p>Red light therapy is safe and not associated with side effects, at least if used for a short time and according to instructions.&nbsp;<\/p>\n\n\n\n<div style=\"height:20px\" aria-hidden=\"true\" class=\"wp-block-spacer\"><\/div>\n\n\n\n<h2 class=\"wp-block-heading has-text-align-center\">&nbsp;Who should not use<br>red light therapy?<\/h2>\n\n\n\n<p>People taking medications that increase the sensitivity of their skin or eyes should not use red light therapy, as should people with a history of skin cancer, epilepsy, or eye disease. Talk to your doctor before using red light therapy.&nbsp;<\/p>\n\n\n\n<p>Red light therapy may cause burns or blisters if the device is used for more than 20 minutes. The recommended treatment time is 15 minutes.<\/p>\n\n\n\n<p>For visible results, it is necessary to go to 2-3 appointments per week in the first month or two.<\/p>\n\n\n\n<p><\/p>","protected":false},"excerpt":{"rendered":"<p>Terapija crvenim svjetlom koristi vrlo niske razine topline i ne povre\u0111uje ili pe\u010de ko\u017eu. Za razliku od svetla koje se koristi u kabinama za sun\u010danje, ono ne izla\u017ee va\u0161u ko\u017eu \u0161tetnim UV zracima. Crveno Svetlo pored fantasticnih rezultata kod podmladjivanja i obnavljanja ko\u017ee i podsticanja kolagena I elastina za \u010dvr\u0161\u0107u I glatku ko\u017eu daje slede\u0107e [&hellip;]<\/p>","protected":false},"author":1,"featured_media":218,"parent":0,"menu_order":0,"comment_status":"closed","ping_status":"closed","template":"","meta":{"footnotes":""},"class_list":["post-14","page","type-page","status-publish","has-post-thumbnail","hentry"],"_links":{"self":[{"href":"https:\/\/sohowellnessbg.com\/en\/wp-json\/wp\/v2\/pages\/14","targetHints":{"allow":["GET"]}}],"collection":[{"href":"https:\/\/sohowellnessbg.com\/en\/wp-json\/wp\/v2\/pages"}],"about":[{"href":"https:\/\/sohowellnessbg.com\/en\/wp-json\/wp\/v2\/types\/page"}],"author":[{"embeddable":true,"href":"https:\/\/sohowellnessbg.com\/en\/wp-json\/wp\/v2\/users\/1"}],"replies":[{"embeddable":true,"href":"https:\/\/sohowellnessbg.com\/en\/wp-json\/wp\/v2\/comments?post=14"}],"version-history":[{"count":26,"href":"https:\/\/sohowellnessbg.com\/en\/wp-json\/wp\/v2\/pages\/14\/revisions"}],"predecessor-version":[{"id":216,"href":"https:\/\/sohowellnessbg.com\/en\/wp-json\/wp\/v2\/pages\/14\/revisions\/216"}],"wp:featuredmedia":[{"embeddable":true,"href":"https:\/\/sohowellnessbg.com\/en\/wp-json\/wp\/v2\/media\/218"}],"wp:attachment":[{"href":"https:\/\/sohowellnessbg.com\/en\/wp-json\/wp\/v2\/media?parent=14"}],"curies":[{"name":"wp","href":"https:\/\/api.w.org\/{rel}","templated":true}]}}