{"id":11,"date":"2024-11-20T15:19:28","date_gmt":"2024-11-20T15:19:28","guid":{"rendered":"https:\/\/sohowellnessbg.com\/?page_id=11"},"modified":"2025-10-23T18:52:36","modified_gmt":"2025-10-23T18:52:36","slug":"o-nama","status":"publish","type":"page","link":"https:\/\/sohowellnessbg.com\/en\/o-nama\/","title":{"rendered":"About Us"},"content":{"rendered":"<p>Inspired by many years of living in New York and Los Angeles, we bring you a global wellness hit that has become indispensable among Hollywood stars, athletes and people around the world. Celebrities like Victoria &amp; David Beckham, Jennifer Aniston, Cristiano Ronaldo, Kim Kardashian, Joe Rogan, Emily Ratajkowski, and Salma Hayek use these luxurious treatments to maintain a youthful appearance and healthy lifestyle.<\/p>\n\n\n\n<p>Our Soho Wellness Studio is among the first to offer these services in Europe, where the trend is growing. Join the glamorous world\u2019s Jet-Set and experience all the advantages that our services provide.<\/p>\n\n\n\n<div style=\"height:200px\" aria-hidden=\"true\" class=\"wp-block-spacer\"><\/div>\n\n\n\n<a href=\"https:\/\/sohowellnessbg.com\/en\/red-light-therapy\/\"><div class=\"fm-3 single-article\">\n<div class=\"bg-post-img\" style=\"background-image:url('https:\/\/sohowellnessbg.com\/wp-content\/uploads\/2024\/11\/bed.png');background-position:bottom left;background-size:cover;\"><\/div>\n\t\t\t<h1>Red Light Therapy<\/h1>\n\t\t\t<\/div><\/a>\n<a href=\"https:\/\/sohowellnessbg.com\/en\/ice-cold-plunge-bath\/\"><div class=\"fm-3 single-article\">\n<div class=\"bg-post-img\" style=\"background-image:url('https:\/\/sohowellnessbg.com\/wp-content\/uploads\/2024\/11\/bath.png');background-position:bottom left;background-size:cover;\"><\/div>\n\t\t\t<h1>Ice Cold Plunge Bath<\/h1>\n\t\t\t<\/div><\/a>\n<a href=\"https:\/\/sohowellnessbg.com\/en\/red-light-panels\/\"><div class=\"fm-3 single-article\">\n<div class=\"bg-post-img\" style=\"background-image:url('https:\/\/sohowellnessbg.com\/wp-content\/uploads\/2024\/11\/panels.png');background-position:bottom left;background-size:cover;\"><\/div>\n\t\t\t<h1>Red Light Panels<\/h1>\n\t\t\t<\/div><\/a>\n\n\n\n<div style=\"height:20px\" aria-hidden=\"true\" class=\"wp-block-spacer\"><\/div>\n\n\n\n<p><\/p>","protected":false},"excerpt":{"rendered":"<p>Inspirisani dugogodi\u0161njim \u017eivotom u New Yorku i Los Angelesu, donosimo vam svetski wellness hit koji je postao nezaobilazan me\u0111u holivudskim zvezdama, sportistima i ljudima \u0161irom sveta. Poznate li\u010dnosti poput Victorije &amp; David Beckhama, Jennifer Aniston, Cristiana Ronalda, Kim Kardashian, Joe Rogana, Emily Ratajkowski, i Salme Hayek koriste ove luksuzne tretmane kako bi odr\u017eale mladala\u010dki izgled [&hellip;]<\/p>","protected":false},"author":1,"featured_media":217,"parent":0,"menu_order":0,"comment_status":"closed","ping_status":"closed","template":"about.php","meta":{"footnotes":""},"class_list":["post-11","page","type-page","status-publish","has-post-thumbnail","hentry"],"_links":{"self":[{"href":"https:\/\/sohowellnessbg.com\/en\/wp-json\/wp\/v2\/pages\/11","targetHints":{"allow":["GET"]}}],"collection":[{"href":"https:\/\/sohowellnessbg.com\/en\/wp-json\/wp\/v2\/pages"}],"about":[{"href":"https:\/\/sohowellnessbg.com\/en\/wp-json\/wp\/v2\/types\/page"}],"author":[{"embeddable":true,"href":"https:\/\/sohowellnessbg.com\/en\/wp-json\/wp\/v2\/users\/1"}],"replies":[{"embeddable":true,"href":"https:\/\/sohowellnessbg.com\/en\/wp-json\/wp\/v2\/comments?post=11"}],"version-history":[{"count":28,"href":"https:\/\/sohowellnessbg.com\/en\/wp-json\/wp\/v2\/pages\/11\/revisions"}],"predecessor-version":[{"id":626,"href":"https:\/\/sohowellnessbg.com\/en\/wp-json\/wp\/v2\/pages\/11\/revisions\/626"}],"wp:featuredmedia":[{"embeddable":true,"href":"https:\/\/sohowellnessbg.com\/en\/wp-json\/wp\/v2\/media\/217"}],"wp:attachment":[{"href":"https:\/\/sohowellnessbg.com\/en\/wp-json\/wp\/v2\/media?parent=11"}],"curies":[{"name":"wp","href":"https:\/\/api.w.org\/{rel}","templated":true}]}}